{"id":3032,"date":"2023-05-31T16:35:47","date_gmt":"2023-05-31T14:35:47","guid":{"rendered":"https:\/\/easy-logistic.fr\/?page_id=3032"},"modified":"2023-07-28T16:04:04","modified_gmt":"2023-07-28T14:04:04","slug":"reception-marchandises","status":"publish","type":"page","link":"https:\/\/www.easy-logistic.fr\/en\/fonctionnalites\/reception-marchandises\/","title":{"rendered":"Goods reception"},"content":{"rendered":"<div data-elementor-type=\"wp-page\" data-elementor-id=\"3032\" class=\"elementor elementor-3032\" data-elementor-post-type=\"page\">\n\t\t\t\t<div class=\"elementor-element elementor-element-6c27fa47 e-con-full e-flex e-con e-parent\" data-id=\"6c27fa47\" data-element_type=\"container\" data-e-type=\"container\" data-settings=\"{&quot;background_background&quot;:&quot;classic&quot;}\">\n\t\t\t\t<div class=\"elementor-element elementor-element-4a9590e0 elementor-widget elementor-widget-image\" data-id=\"4a9590e0\" data-element_type=\"widget\" data-e-type=\"widget\" data-widget_type=\"image.default\">\n\t\t\t\t<div class=\"elementor-widget-container\">\n\t\t\t\t\t\t\t\t\t\t\t\t\t\t\t<img decoding=\"async\" width=\"48\" height=\"48\" src=\"https:\/\/i0.wp.com\/www.easy-logistic.fr\/wp-content\/uploads\/2023\/05\/ModReception.png?resize=48%2C48&amp;ssl=1\" class=\"attachment-thumbnail size-thumbnail wp-image-2557\" alt=\"EasyLogistic - Gestion de d\u00e9p\u00f4t avanc\u00e9e sur SAGE 100\" srcset=\"https:\/\/i0.wp.com\/www.easy-logistic.fr\/wp-content\/uploads\/2023\/05\/ModReception.png?w=48&amp;ssl=1 48w, https:\/\/i0.wp.com\/www.easy-logistic.fr\/wp-content\/uploads\/2023\/05\/ModReception.png?resize=12%2C12&amp;ssl=1 12w, https:\/\/i0.wp.com\/www.easy-logistic.fr\/wp-content\/uploads\/2023\/05\/ModReception.png?w=50&amp;ssl=1 50w\" sizes=\"(max-width: 48px) 100vw, 48px\" \/>\t\t\t\t\t\t\t\t\t\t\t\t\t\t\t<\/div>\n\t\t\t\t<\/div>\n\t\t\t\t<div class=\"elementor-element elementor-element-2b2b3ff7 elementor-widget elementor-widget-heading\" data-id=\"2b2b3ff7\" data-element_type=\"widget\" data-e-type=\"widget\" data-widget_type=\"heading.default\">\n\t\t\t\t<div class=\"elementor-widget-container\">\n\t\t\t\t\t<h1 class=\"elementor-heading-title elementor-size-default\">Goods reception<\/h1>\t\t\t\t<\/div>\n\t\t\t\t<\/div>\n\t\t\t\t<\/div>\n\t\t<div class=\"elementor-element elementor-element-2663e540 e-flex e-con-boxed e-con e-parent\" data-id=\"2663e540\" data-element_type=\"container\" data-e-type=\"container\">\n\t\t\t\t\t<div class=\"e-con-inner\">\n\t\t<div class=\"elementor-element elementor-element-56c604db e-flex e-con-boxed e-con e-parent\" data-id=\"56c604db\" data-element_type=\"container\" data-e-type=\"container\">\n\t\t\t\t\t<div class=\"e-con-inner\">\n\t\t\t\t<div class=\"elementor-element elementor-element-43e854b0 elementor-widget elementor-widget-heading\" data-id=\"43e854b0\" data-element_type=\"widget\" data-e-type=\"widget\" data-widget_type=\"heading.default\">\n\t\t\t\t<div class=\"elementor-widget-container\">\n\t\t\t\t\t<h2 class=\"elementor-heading-title elementor-size-default\">EasyLogistic WMS connected with <span class=\"sage\">Sage 100cloud<\/span> :  for increased efficiency right from the moment goods are received<\/h2>\t\t\t\t<\/div>\n\t\t\t\t<\/div>\n\t\t\t\t\t<\/div>\n\t\t\t\t<\/div>\n\t\t<div class=\"elementor-element elementor-element-7da98f21 e-con-full e-flex e-con e-parent\" data-id=\"7da98f21\" data-element_type=\"container\" data-e-type=\"container\">\n\t\t\t\t<div class=\"elementor-element elementor-element-41593fa1 elementor-widget-divider--view-line elementor-widget elementor-widget-divider\" data-id=\"41593fa1\" data-element_type=\"widget\" data-e-type=\"widget\" data-widget_type=\"divider.default\">\n\t\t\t\t<div class=\"elementor-widget-container\">\n\t\t\t\t\t\t\t<div class=\"elementor-divider\">\n\t\t\t<span class=\"elementor-divider-separator\">\n\t\t\t\t\t\t<\/span>\n\t\t<\/div>\n\t\t\t\t\t\t<\/div>\n\t\t\t\t<\/div>\n\t\t\t\t<\/div>\n\t\t\t\t\t<\/div>\n\t\t\t\t<\/div>\n\t\t<div class=\"elementor-element elementor-element-5e460701 e-flex e-con-boxed e-con e-parent\" data-id=\"5e460701\" data-element_type=\"container\" data-e-type=\"container\">\n\t\t\t\t\t<div class=\"e-con-inner\">\n\t\t<div class=\"elementor-element elementor-element-643e6a92 e-con-full e-flex e-con e-parent\" data-id=\"643e6a92\" data-element_type=\"container\" data-e-type=\"container\">\n\t\t\t\t<div class=\"elementor-element elementor-element-4c384f61 elementor-widget elementor-widget-text-editor\" data-id=\"4c384f61\" data-element_type=\"widget\" data-e-type=\"widget\" data-widget_type=\"text-editor.default\">\n\t\t\t\t<div class=\"elementor-widget-container\">\n\t\t\t\t\t\t\t\t\t<ol>\n<li>\n<p>Data preparation: Before goods are received, information such as purchase orders and details of products ordered are entered into the SAGE 100c software. This provides a clear and precise picture of what is expected on receipt.<\/p><\/li><li><p>Barcode scanning: When goods arrive, the barcodes associated with each product are scanned using EasyLogistic software. This enables us to quickly and accurately obtain information on each product, in order to check that it has been received correctly.<\/p>\n<\/li>\n<\/ol>\n<p>Maecenas nec enim sed lorem laoreet efficitur non eu arcu. Vestibulum at est tincidunt, rhoncus dui sed, laoreet nulla. Maecenas quis tortor malesuada neque elementum consequat. Cras accumsan egestas justo. Ut dictum ornare magna, eu pulvinar lacus mattis non. Curabitur et est quis nisi malesuada fringilla. Suspendisse euismod sapien arcu, et vehicula quam dictum a. Quisque varius suscipit sodales. Suspendisse vitae gravida libero. Aenean eget urna ac nisl iaculis efficitur. Donec quis libero quis velit sagittis maximus nec vehicula neque. Donec ac sapien diam. Morbi dignissim tortor a felis condimentum, ut ullamcorper turpis dignissim. Phasellus cursus augue tellus, in ornare lectus egestas porta.<\/p>\n<p>Ut blandit viverra sem a rutrum. Vestibulum porttitor, diam eu semper luctus, justo neque cursus tellus, vel semper augue lectus vitae purus. Ut tincidunt auctor enim, vitae auctor nunc dictum placerat. Vivamus justo metus, convallis in.<\/p>\t\t\t\t\t\t\t\t<\/div>\n\t\t\t\t<\/div>\n\t\t\t\t<div class=\"elementor-element elementor-element-4bc623f elementor-align-center elementor-widget elementor-widget-button\" data-id=\"4bc623f\" data-element_type=\"widget\" data-e-type=\"widget\" data-widget_type=\"button.default\">\n\t\t\t\t<div class=\"elementor-widget-container\">\n\t\t\t\t\t\t\t\t\t<div class=\"elementor-button-wrapper\">\n\t\t\t\t\t<a class=\"elementor-button elementor-button-link elementor-size-md\" href=\"https:\/\/www.easy-logistic.fr\/en\/#contact-alternetis\">\n\t\t\t\t\t\t<span class=\"elementor-button-content-wrapper\">\n\t\t\t\t\t\t\t\t\t<span class=\"elementor-button-text\">Contact us<\/span>\n\t\t\t\t\t<\/span>\n\t\t\t\t\t<\/a>\n\t\t\t\t<\/div>\n\t\t\t\t\t\t\t\t<\/div>\n\t\t\t\t<\/div>\n\t\t\t\t<\/div>\n\t\t\t\t\t<\/div>\n\t\t\t\t<\/div>\n\t\t\t\t<\/div>","protected":false},"excerpt":{"rendered":"<p>R\u00e9ception des marchandises Le WMS EasyLogistic connect\u00e9 avec Sage 100cloud : pour + de productivit\u00e9 d\u00e8s la r\u00e9ception des marchandises Pr\u00e9paration des donn\u00e9es : Avant la r\u00e9ception des marchandises, les informations telles que les bons de commande, les d\u00e9tails des produits command\u00e9s, sont saisies dans le logiciel SAGE 100c. Cela permet d&rsquo;avoir une vision claire&hellip;&nbsp;<a href=\"https:\/\/www.easy-logistic.fr\/en\/fonctionnalites\/reception-marchandises\/\" class=\"\" rel=\"bookmark\">Read More &raquo;<span class=\"screen-reader-text\">Goods reception<\/span><\/a><\/p>","protected":false},"author":2,"featured_media":0,"parent":1472,"menu_order":0,"comment_status":"closed","ping_status":"closed","template":"elementor_header_footer","meta":{"protect_children":false,"inline_featured_image":false,"_monsterinsights_skip_tracking":false,"_monsterinsights_sitenote_active":false,"_monsterinsights_sitenote_note":"","_monsterinsights_sitenote_category":0,"neve_meta_sidebar":"","neve_meta_container":"","neve_meta_enable_content_width":"","neve_meta_content_width":0,"neve_meta_title_alignment":"","neve_meta_author_avatar":"","neve_post_elements_order":"","neve_meta_disable_header":"","neve_meta_disable_footer":"","neve_meta_disable_title":"","footnotes":""},"class_list":["post-3032","page","type-page","status-publish","hentry"],"aioseo_notices":[],"jetpack_sharing_enabled":true,"_links":{"self":[{"href":"https:\/\/www.easy-logistic.fr\/en\/wp-json\/wp\/v2\/pages\/3032","targetHints":{"allow":["GET"]}}],"collection":[{"href":"https:\/\/www.easy-logistic.fr\/en\/wp-json\/wp\/v2\/pages"}],"about":[{"href":"https:\/\/www.easy-logistic.fr\/en\/wp-json\/wp\/v2\/types\/page"}],"author":[{"embeddable":true,"href":"https:\/\/www.easy-logistic.fr\/en\/wp-json\/wp\/v2\/users\/2"}],"replies":[{"embeddable":true,"href":"https:\/\/www.easy-logistic.fr\/en\/wp-json\/wp\/v2\/comments?post=3032"}],"version-history":[{"count":20,"href":"https:\/\/www.easy-logistic.fr\/en\/wp-json\/wp\/v2\/pages\/3032\/revisions"}],"predecessor-version":[{"id":3524,"href":"https:\/\/www.easy-logistic.fr\/en\/wp-json\/wp\/v2\/pages\/3032\/revisions\/3524"}],"up":[{"embeddable":true,"href":"https:\/\/www.easy-logistic.fr\/en\/wp-json\/wp\/v2\/pages\/1472"}],"wp:attachment":[{"href":"https:\/\/www.easy-logistic.fr\/en\/wp-json\/wp\/v2\/media?parent=3032"}],"curies":[{"name":"wp","href":"https:\/\/api.w.org\/{rel}","templated":true}]}}