{"id":14,"date":"2023-04-21T10:06:35","date_gmt":"2023-04-21T08:06:35","guid":{"rendered":"http:\/\/easy-logistic.fr\/?page_id=14"},"modified":"2023-07-24T11:41:40","modified_gmt":"2023-07-24T09:41:40","slug":"blog","status":"publish","type":"page","link":"https:\/\/www.easy-logistic.fr\/fr\/blog\/","title":{"rendered":"Blog"},"content":{"rendered":"\t\t<div data-elementor-type=\"wp-page\" data-elementor-id=\"14\" class=\"elementor elementor-14\" data-elementor-post-type=\"page\">\n\t\t\t\t\t\t<section class=\"elementor-section elementor-top-section elementor-element elementor-element-b2b7ef2 elementor-section-boxed elementor-section-height-default elementor-section-height-default\" data-id=\"b2b7ef2\" data-element_type=\"section\" data-e-type=\"section\">\n\t\t\t\t\t\t<div class=\"elementor-container elementor-column-gap-default\">\n\t\t\t\t\t<div class=\"elementor-column elementor-col-100 elementor-top-column elementor-element elementor-element-c7241c6\" data-id=\"c7241c6\" data-element_type=\"column\" data-e-type=\"column\">\n\t\t\t<div class=\"elementor-widget-wrap elementor-element-populated\">\n\t\t\t\t\t\t<div class=\"elementor-element elementor-element-efb4fa5 elementor-widget elementor-widget-heading\" data-id=\"efb4fa5\" data-element_type=\"widget\" data-e-type=\"widget\" data-widget_type=\"heading.default\">\n\t\t\t\t<div class=\"elementor-widget-container\">\n\t\t\t\t\t<h1 class=\"elementor-heading-title elementor-size-default\">BLOG EASYLOGISTIC <\/h1>\t\t\t\t<\/div>\n\t\t\t\t<\/div>\n\t\t\t\t<div class=\"elementor-element elementor-element-20f3ff7 elementor-grid-eael-col-3 elementor-grid-tablet-eael-col-2 elementor-grid-mobile-eael-col-1 elementor-widget elementor-widget-eael-post-grid\" data-id=\"20f3ff7\" data-element_type=\"widget\" data-e-type=\"widget\" data-settings=\"{&quot;eael_post_grid_columns&quot;:&quot;eael-col-3&quot;,&quot;eael_post_grid_columns_tablet&quot;:&quot;eael-col-2&quot;,&quot;eael_post_grid_columns_mobile&quot;:&quot;eael-col-1&quot;}\" data-widget_type=\"eael-post-grid.default\">\n\t\t\t\t<div class=\"elementor-widget-container\">\n\t\t\t\t\t<div id=\"eael-post-grid-20f3ff7\" class=\"eael-post-grid-container\">\n            <div class=\"eael-post-grid eael-post-appender eael-post-appender-20f3ff7 eael-post-grid-style-two\" data-layout-mode=\"grid\"><article class=\"eael-grid-post  eael-post-grid-column eael-pg-post-3661 category-non-classe\" data-id=\"3661\">\n    <div class=\"eael-grid-post-holder\">\n        <div class=\"eael-grid-post-holder-inner\"><div class=\"eael-entry-wrapper\"><header class=\"eael-entry-header\"><h2 class=\"eael-entry-title\"><a class=\"eael-grid-post-link\" href=\"https:\/\/www.easy-logistic.fr\/fr\/maximiser-lefficacite-de-votre-entreprise-choisissez-la-solution-de-gestion-logistique-adaptee\/\" title=\"Maximiser l&rsquo;efficacit\u00e9 de votre entreprise : Choisissez la solution de gestion logistique adapt\u00e9e \u00e0 SAGE 100\">Maximiser l&rsquo;efficacit\u00e9 de votre entreprise : Choisissez la solution de gestion logistique adapt\u00e9e \u00e0 SAGE 100<\/a><\/h2><\/header><div class=\"eael-entry-content\">\n                                <div class=\"eael-grid-post-excerpt\"><p>Maximiser l&rsquo;efficacit\u00e9 de votre entreprise Choisissez la solution de gestion logistique adapt\u00e9e Dans le monde des affaires en constante \u00e9volution, la gestion logistique joue un r\u00f4le crucial pour assurer l&rsquo;efficacit\u00e9 et la rentabilit\u00e9 de votre entreprise. Lorsqu&rsquo;il s&rsquo;agit de choisir...<\/p><a href=\"https:\/\/www.easy-logistic.fr\/fr\/maximiser-lefficacite-de-votre-entreprise-choisissez-la-solution-de-gestion-logistique-adaptee\/\" class=\"eael-post-elements-readmore-btn\">En lire plus<\/a><\/div>\n                            <\/div><div class=\"eael-entry-header-after style-two\"><div class=\"eael-entry-meta\"><span class=\"eael-meta-posted-on\"><i class=\"far fa-clock\"><\/i><time datetime=\"15 janvier 2024\">15 janvier 2024<\/time><\/span><\/div><\/div><\/div><\/div>\n    <\/div>\n<\/article><article class=\"eael-grid-post  eael-post-grid-column eael-pg-post-3152 category-non-classe\" data-id=\"3152\">\n    <div class=\"eael-grid-post-holder\">\n        <div class=\"eael-grid-post-holder-inner\"><div class=\"eael-entry-media\"><div class=\"eael-entry-overlay fade-in\"><i class=\"fas fa-long-arrow-alt-right\" aria-hidden=\"true\"><\/i><a href=\"https:\/\/www.easy-logistic.fr\/fr\/gerer-un-depot-avec-sage-100-en-temps-reel\/\"><\/a><\/div><div class=\"eael-entry-thumbnail eael-image-ratio\">\n                            <img fetchpriority=\"high\" decoding=\"async\" width=\"1024\" height=\"683\" src=\"https:\/\/i0.wp.com\/www.easy-logistic.fr\/wp-content\/uploads\/2023\/07\/Illustration-10.png?fit=1024%2C683&amp;ssl=1\" class=\"attachment-large size-large wp-image-3483\" alt=\"\" srcset=\"https:\/\/i0.wp.com\/www.easy-logistic.fr\/wp-content\/uploads\/2023\/07\/Illustration-10.png?w=4681&amp;ssl=1 4681w, https:\/\/i0.wp.com\/www.easy-logistic.fr\/wp-content\/uploads\/2023\/07\/Illustration-10.png?resize=300%2C200&amp;ssl=1 300w, https:\/\/i0.wp.com\/www.easy-logistic.fr\/wp-content\/uploads\/2023\/07\/Illustration-10.png?resize=1024%2C683&amp;ssl=1 1024w, https:\/\/i0.wp.com\/www.easy-logistic.fr\/wp-content\/uploads\/2023\/07\/Illustration-10.png?resize=768%2C512&amp;ssl=1 768w, https:\/\/i0.wp.com\/www.easy-logistic.fr\/wp-content\/uploads\/2023\/07\/Illustration-10.png?resize=1536%2C1024&amp;ssl=1 1536w, https:\/\/i0.wp.com\/www.easy-logistic.fr\/wp-content\/uploads\/2023\/07\/Illustration-10.png?resize=2048%2C1365&amp;ssl=1 2048w, https:\/\/i0.wp.com\/www.easy-logistic.fr\/wp-content\/uploads\/2023\/07\/Illustration-10.png?resize=18%2C12&amp;ssl=1 18w, https:\/\/i0.wp.com\/www.easy-logistic.fr\/wp-content\/uploads\/2023\/07\/Illustration-10.png?resize=930%2C620&amp;ssl=1 930w, https:\/\/i0.wp.com\/www.easy-logistic.fr\/wp-content\/uploads\/2023\/07\/Illustration-10.png?w=2400&amp;ssl=1 2400w, https:\/\/i0.wp.com\/www.easy-logistic.fr\/wp-content\/uploads\/2023\/07\/Illustration-10.png?w=3600&amp;ssl=1 3600w\" sizes=\"(max-width: 1024px) 100vw, 1024px\" \/>\n                            <\/div>\n                    <\/div><div class=\"eael-entry-wrapper\"><header class=\"eael-entry-header\"><h2 class=\"eael-entry-title\"><a class=\"eael-grid-post-link\" href=\"https:\/\/www.easy-logistic.fr\/fr\/gerer-un-depot-avec-sage-100-en-temps-reel\/\" title=\"Les Avantages Ind\u00e9niables d&rsquo;Utiliser Easylogistic avec SAGE 100\">Les Avantages Ind\u00e9niables d&rsquo;Utiliser Easylogistic avec SAGE 100<\/a><\/h2><\/header><div class=\"eael-entry-content\">\n                                <div class=\"eael-grid-post-excerpt\"><p>Le paysage logistique d&rsquo;aujourd&rsquo;hui requiert une gestion d&rsquo;entrep\u00f4t pr\u00e9cise, efficace et agile. Si vous avez d\u00e9j\u00e0 adopt\u00e9 SAGE 100 pour vos besoins en comptabilit\u00e9 et gestion, l&rsquo;introduction d&rsquo;Easylogistic, un syst\u00e8me de gestion d&rsquo;entrep\u00f4t (WMS) de premier plan, peut propulser vos...<\/p><a href=\"https:\/\/www.easy-logistic.fr\/fr\/gerer-un-depot-avec-sage-100-en-temps-reel\/\" class=\"eael-post-elements-readmore-btn\">En lire plus<\/a><\/div>\n                            <\/div><div class=\"eael-entry-header-after style-two\"><div class=\"eael-entry-meta\"><span class=\"eael-meta-posted-on\"><i class=\"far fa-clock\"><\/i><time datetime=\"18 septembre 2023\">18 septembre 2023<\/time><\/span><\/div><\/div><\/div><\/div>\n    <\/div>\n<\/article><\/div>\n            <div class=\"clearfix\"><\/div>\n        <\/div>\t\t\t\t<\/div>\n\t\t\t\t<\/div>\n\t\t\t\t\t<\/div>\n\t\t<\/div>\n\t\t\t\t\t<\/div>\n\t\t<\/section>\n\t\t\t\t<\/div>\n\t\t","protected":false},"excerpt":{"rendered":"<p>BLOG EASYLOGISTIC rfefefe Table des mati\u00e8res Exemple de titre a Lorem ipsum dolor sit amet, consectetur adipiscing elit. Ut elit tellus, luctus nec ullamcorper mattis, pulvinar dapibus leo. Lorem ipsum dolor sit amet, consectetur adipiscing elit. Ut elit tellus, luctus nec ullamcorper mattis,&#8230; En lire plus 26 mai 2023 Titre de l\u2019article Extrait de l&rsquo;article&hellip;&nbsp;<a href=\"https:\/\/www.easy-logistic.fr\/fr\/gerer-un-depot-avec-sage-100-en-temps-reel\/\" class=\"\" rel=\"bookmark\">Lire la suite &raquo;<span class=\"screen-reader-text\">Les Avantages Ind\u00e9niables d&rsquo;Utiliser Easylogistic avec SAGE 100<\/span><\/a><\/p>\n","protected":false},"author":2,"featured_media":0,"parent":0,"menu_order":0,"comment_status":"closed","ping_status":"closed","template":"elementor_header_footer","meta":{"protect_children":false,"inline_featured_image":false,"_monsterinsights_skip_tracking":false,"_monsterinsights_sitenote_active":false,"_monsterinsights_sitenote_note":"","_monsterinsights_sitenote_category":0,"neve_meta_sidebar":"","neve_meta_container":"","neve_meta_enable_content_width":"on","neve_meta_content_width":100,"neve_meta_title_alignment":"","neve_meta_author_avatar":"","neve_post_elements_order":"","neve_meta_disable_header":"","neve_meta_disable_footer":"","neve_meta_disable_title":"on","footnotes":""},"class_list":["post-14","page","type-page","status-publish","hentry"],"aioseo_notices":[],"jetpack_sharing_enabled":true,"_links":{"self":[{"href":"https:\/\/www.easy-logistic.fr\/fr\/wp-json\/wp\/v2\/pages\/14","targetHints":{"allow":["GET"]}}],"collection":[{"href":"https:\/\/www.easy-logistic.fr\/fr\/wp-json\/wp\/v2\/pages"}],"about":[{"href":"https:\/\/www.easy-logistic.fr\/fr\/wp-json\/wp\/v2\/types\/page"}],"author":[{"embeddable":true,"href":"https:\/\/www.easy-logistic.fr\/fr\/wp-json\/wp\/v2\/users\/2"}],"replies":[{"embeddable":true,"href":"https:\/\/www.easy-logistic.fr\/fr\/wp-json\/wp\/v2\/comments?post=14"}],"version-history":[{"count":26,"href":"https:\/\/www.easy-logistic.fr\/fr\/wp-json\/wp\/v2\/pages\/14\/revisions"}],"predecessor-version":[{"id":3431,"href":"https:\/\/www.easy-logistic.fr\/fr\/wp-json\/wp\/v2\/pages\/14\/revisions\/3431"}],"wp:attachment":[{"href":"https:\/\/www.easy-logistic.fr\/fr\/wp-json\/wp\/v2\/media?parent=14"}],"curies":[{"name":"wp","href":"https:\/\/api.w.org\/{rel}","templated":true}]}}